{"id":3,"date":"2019-03-28T10:00:59","date_gmt":"2019-03-28T10:00:59","guid":{"rendered":"http:\/\/rocktaste.es\/?page_id=3"},"modified":"2022-06-18T03:18:58","modified_gmt":"2022-06-18T01:18:58","slug":"politica-de-privacidad","status":"publish","type":"page","link":"https:\/\/rocktaste.es\/rockmenu\/politica-de-privacidad\/","title":{"rendered":"Pol\u00edtica de Privacidad"},"content":{"rendered":"\n<div style=\"height:100px\" aria-hidden=\"true\" class=\"wp-block-spacer\"><\/div>\n\n\n\n<h3 class=\"wp-block-heading\"><strong>\u00bfEs seguro comprar en RockTaste?<\/strong><\/h3>\n\n\n\n<p>En RockTaste somos conscientes de la inquietud de los clientes en la compra por internet y por lo tanto adquiere como compromiso y pone a disposici\u00f3n de los clientes si as\u00ed lo solicitan, toda la informaci\u00f3n que sea requerida simplemente contact\u00e1ndonos mediante e-mail.<\/p>\n\n\n\n<h3 class=\"wp-block-heading\"><strong>\u00bfC\u00f3mo usan los datos de mi tarjeta de cr\u00e9dito?<\/strong><\/h3>\n\n\n\n<p>En los casos en que Ud elija efectuar su pago mediante tarjeta de cr\u00e9dito, la informaci\u00f3n de los datos de su tarjeta de cr\u00e9dito nunca es almacenada o tratada. Estos datos son procesados exclusivamente por el Terminal Punto de Venta del Banco , con lo que garantizamos la m\u00e1xima confidencialidad de sus datos.<\/p>\n\n\n\n<h3 class=\"wp-block-heading\"><strong>\u00bfQu\u00e9 hacen con mis datos personales?<\/strong><\/h3>\n\n\n\n<p>RockTaste es una entidad plenamente concienciada con el uso y tratamiento que se le deben dar a los datos personales de nuestros clientes. Es por ello por lo que tenemos implantada una Pol\u00edtica de Privacidad de conformidad con lo dispuesto en la Ley Org\u00e1nica 15\/1999 de Protecci\u00f3n de Datos Personales.<br>En todo momento el cliente podr\u00e1 solicitar informaci\u00f3n sobre el uso y tratamiento de sus datos personales (Derecho de acceso) as\u00ed como tambi\u00e9n podr\u00e1 rectificar, cancelar o incluso oponerse a su tratamiento.<br>Puede ver informaci\u00f3n completa de la pol\u00edtica de privacidad en el enlace habilitado en nuestra p\u00e1gina principal.<\/p>\n\n\n\n<h3 class=\"wp-block-heading\"><strong>\u00bfPuedo modificar los datos de mi registro?<\/strong><\/h3>\n\n\n\n<p>De conformidad con lo dispuesto en la pol\u00edtica de privacidad , se hace constar que cualquier persona podr\u00e1 ejercitar sus derechos de acceso, rectificaci\u00f3n, cancelaci\u00f3n y en su caso, oposici\u00f3n, entrando en la opci\u00f3n habilitada para \u201ceditar cuenta o registro de usuario\u201d.<\/p>\n\n\n\n<h3 class=\"wp-block-heading\"><strong>\u00bfQu\u00e9 hago si olvido la contrase\u00f1a?<\/strong><\/h3>\n\n\n\n<p>Si usted olvida su contrase\u00f1a, el sistema le generara una nueva autom\u00e1ticamente al procesar su solicitud en la secci\u00f3n de su cuenta.<\/p>\n\n\n\n<div style=\"height:100px\" aria-hidden=\"true\" class=\"wp-block-spacer\"><\/div>\n\n\n\n<p><\/p>\n","protected":false},"excerpt":{"rendered":"<p>\u00bfEs seguro comprar en RockTaste? En RockTaste somos conscientes de la inquietud de los clientes en la compra por internet y por lo tanto adquiere como compromiso y pone a disposici\u00f3n de los clientes si as\u00ed lo solicitan, toda la informaci\u00f3n que sea requerida simplemente contact\u00e1ndonos mediante e-mail. \u00bfC\u00f3mo usan los datos de mi tarjeta&#8230;<a class=\"r_more_blog\" href=\"https:\/\/rocktaste.es\/rockmenu\/politica-de-privacidad\/#more-3\"> continue reading<\/a><\/p>\n","protected":false},"author":1,"featured_media":0,"parent":0,"menu_order":0,"comment_status":"closed","ping_status":"closed","template":"","meta":{"advanced_seo_description":"","jetpack_seo_html_title":"","jetpack_seo_noindex":false,"footnotes":""},"class_list":["post-3","page","type-page","status-publish","hentry"],"_links":{"self":[{"href":"https:\/\/rocktaste.es\/rockmenu\/wp-json\/wp\/v2\/pages\/3","targetHints":{"allow":["GET"]}}],"collection":[{"href":"https:\/\/rocktaste.es\/rockmenu\/wp-json\/wp\/v2\/pages"}],"about":[{"href":"https:\/\/rocktaste.es\/rockmenu\/wp-json\/wp\/v2\/types\/page"}],"author":[{"embeddable":true,"href":"https:\/\/rocktaste.es\/rockmenu\/wp-json\/wp\/v2\/users\/1"}],"replies":[{"embeddable":true,"href":"https:\/\/rocktaste.es\/rockmenu\/wp-json\/wp\/v2\/comments?post=3"}],"version-history":[{"count":4,"href":"https:\/\/rocktaste.es\/rockmenu\/wp-json\/wp\/v2\/pages\/3\/revisions"}],"predecessor-version":[{"id":6263,"href":"https:\/\/rocktaste.es\/rockmenu\/wp-json\/wp\/v2\/pages\/3\/revisions\/6263"}],"wp:attachment":[{"href":"https:\/\/rocktaste.es\/rockmenu\/wp-json\/wp\/v2\/media?parent=3"}],"curies":[{"name":"wp","href":"https:\/\/api.w.org\/{rel}","templated":true}]}}