{"id":6694,"date":"2022-05-12T00:14:09","date_gmt":"2022-05-11T22:14:09","guid":{"rendered":"https:\/\/rocktaste.es\/?post_type=product&#038;p=6694"},"modified":"2023-06-22T00:45:29","modified_gmt":"2023-06-21T22:45:29","slug":"bacon-stripes","status":"publish","type":"product","link":"https:\/\/rocktaste.es\/rockmenu\/producto\/bacon-stripes\/","title":{"rendered":"BACON STRIPES"},"content":{"rendered":"","protected":false},"excerpt":{"rendered":"<p>6 lonchas de bac\u00f3n artesanal empanado y s\u00faper crujiente acompa\u00f1adas de salsa barbacoa<\/p>\n","protected":false},"featured_media":0,"template":"","meta":{"advanced_seo_description":"","jetpack_seo_html_title":"","jetpack_seo_noindex":false},"product_brand":[],"product_cat":[84],"product_tag":[],"class_list":{"0":"post-6694","1":"product","2":"type-product","3":"status-publish","5":"product_cat-entrantes","7":"first","8":"outofstock","9":"shipping-taxable","10":"purchasable","11":"product-type-simple"},"_links":{"self":[{"href":"https:\/\/rocktaste.es\/rockmenu\/wp-json\/wp\/v2\/product\/6694","targetHints":{"allow":["GET"]}}],"collection":[{"href":"https:\/\/rocktaste.es\/rockmenu\/wp-json\/wp\/v2\/product"}],"about":[{"href":"https:\/\/rocktaste.es\/rockmenu\/wp-json\/wp\/v2\/types\/product"}],"wp:attachment":[{"href":"https:\/\/rocktaste.es\/rockmenu\/wp-json\/wp\/v2\/media?parent=6694"}],"wp:term":[{"taxonomy":"product_brand","embeddable":true,"href":"https:\/\/rocktaste.es\/rockmenu\/wp-json\/wp\/v2\/product_brand?post=6694"},{"taxonomy":"product_cat","embeddable":true,"href":"https:\/\/rocktaste.es\/rockmenu\/wp-json\/wp\/v2\/product_cat?post=6694"},{"taxonomy":"product_tag","embeddable":true,"href":"https:\/\/rocktaste.es\/rockmenu\/wp-json\/wp\/v2\/product_tag?post=6694"}],"curies":[{"name":"wp","href":"https:\/\/api.w.org\/{rel}","templated":true}]}}